{"id":3215,"date":"2023-07-11T21:58:50","date_gmt":"2023-07-11T21:58:50","guid":{"rendered":"https:\/\/laborers68.com\/problemy\/"},"modified":"2025-02-19T16:12:55","modified_gmt":"2025-02-19T16:12:55","slug":"problemy","status":"publish","type":"page","link":"https:\/\/laborers68.com\/pl\/problemy\/","title":{"rendered":"Problemy"},"content":{"rendered":"<p>[et_pb_section fb_built=&#8221;1&#8243; _builder_version=&#8221;4.21.0&#8243; _module_preset=&#8221;default&#8221; background_color=&#8221;#efefef&#8221; custom_padding=&#8221;45px||45px||true|false&#8221; global_colors_info=&#8221;{}&#8221;][et_pb_row column_structure=&#8221;1_2,1_2&#8243; make_equal=&#8221;on&#8221; module_class=&#8221;align-center&#8221; _builder_version=&#8221;4.21.0&#8243; _module_preset=&#8221;default&#8221; module_alignment=&#8221;center&#8221; custom_padding=&#8221;0px||0px||false|false&#8221; global_colors_info=&#8221;{}&#8221;][et_pb_column type=&#8221;1_2&#8243; _builder_version=&#8221;4.21.0&#8243; _module_preset=&#8221;default&#8221; global_colors_info=&#8221;{}&#8221;][et_pb_text _builder_version=&#8221;4.21.0&#8243; _module_preset=&#8221;default&#8221; header_2_font=&#8221;Roboto Slab|700|||||||&#8221; header_2_text_color=&#8221;#000000&#8243; header_2_font_size=&#8221;54px&#8221; header_2_line_height=&#8221;60px&#8221; header_2_font_size_tablet=&#8221;54px&#8221; header_2_font_size_phone=&#8221;40px&#8221; header_2_font_size_last_edited=&#8221;on|phone&#8221; header_2_line_height_tablet=&#8221;60px&#8221; header_2_line_height_phone=&#8221;40px&#8221; header_2_line_height_last_edited=&#8221;on|phone&#8221; global_colors_info=&#8221;{}&#8221;]<\/p>\n<h2>Problemy<\/h2>\n<p>[\/et_pb_text][\/et_pb_column][et_pb_column type=&#8221;1_2&#8243; _builder_version=&#8221;4.21.0&#8243; _module_preset=&#8221;default&#8221; global_colors_info=&#8221;{}&#8221;][et_pb_text _builder_version=&#8221;4.21.0&#8243; _module_preset=&#8221;default&#8221; text_font=&#8221;Roboto Slab|700|||||||&#8221; text_text_color=&#8221;#000000&#8243; text_font_size=&#8221;24px&#8221; global_colors_info=&#8221;{}&#8221;]B\u0104D\u0179 NA BIE\u017b\u0104CO[\/et_pb_text][et_pb_text _builder_version=&#8221;4.21.0&#8243; _module_preset=&#8221;default&#8221; text_font=&#8221;Roboto||||||||&#8221; text_text_color=&#8221;#000000&#8243; global_colors_info=&#8221;{}&#8221;]Regularnie sprawdzaj t\u0119 stron\u0119, aby uzyska\u0107 wa\u017cne informacje na temat stanowiska naszego zwi\u0105zku i innych wiadomo\u015bci zwi\u0105zanych z LiUNA.[\/et_pb_text][\/et_pb_column][\/et_pb_row][\/et_pb_section][et_pb_section fb_built=&#8221;1&#8243; _builder_version=&#8221;4.21.0&#8243; _module_preset=&#8221;default&#8221; custom_padding=&#8221;0px||0px||false|false&#8221; global_colors_info=&#8221;{}&#8221;][et_pb_row _builder_version=&#8221;4.21.0&#8243; _module_preset=&#8221;default&#8221; width_tablet=&#8221;&#8221; width_phone=&#8221;90%&#8221; width_last_edited=&#8221;on|phone&#8221; custom_padding=&#8221;0px||0px||false|false&#8221; global_colors_info=&#8221;{}&#8221;][et_pb_column type=&#8221;4_4&#8243; _builder_version=&#8221;4.21.0&#8243; _module_preset=&#8221;default&#8221; global_colors_info=&#8221;{}&#8221;][et_pb_blog fullwidth=&#8221;off&#8221; include_categories=&#8221;10&#8243; show_thumbnail=&#8221;off&#8221; show_more=&#8221;on&#8221; show_author=&#8221;off&#8221; show_date=&#8221;off&#8221; show_categories=&#8221;off&#8221; module_class=&#8221;news-posts&#8221; _builder_version=&#8221;4.21.0&#8243; _module_preset=&#8221;default&#8221; header_font=&#8221;Roboto Slab|700|||||||&#8221; header_text_color=&#8221;#000000&#8243; header_font_size=&#8221;24px&#8221; body_font=&#8221;Roboto||||||||&#8221; body_text_color=&#8221;#000000&#8243; read_more_font=&#8221;Roboto Slab||||||||&#8221; read_more_text_color=&#8221;#FFFFFF&#8221; custom_margin=&#8221;|20px|||false|false&#8221; custom_padding=&#8221;35px|21px|35px|21px|true|true&#8221; custom_padding_tablet=&#8221;35px|21px|35px|21px|true|true&#8221; custom_padding_phone=&#8221;|0px|||true|false&#8221; custom_padding_last_edited=&#8221;on|phone&#8221; border_width_all=&#8221;0px&#8221; box_shadow_style=&#8221;preset1&#8243; box_shadow_vertical=&#8221;3px&#8221; box_shadow_blur=&#8221;11px&#8221; box_shadow_spread=&#8221;-5px&#8221; global_colors_info=&#8221;{}&#8221;][\/et_pb_blog][\/et_pb_column][\/et_pb_row][\/et_pb_section]<\/p>\n","protected":false},"excerpt":{"rendered":"<p>ProblemyB\u0104D\u0179 NA BIE\u017b\u0104CORegularnie sprawdzaj t\u0119 stron\u0119, aby uzyska\u0107 wa\u017cne informacje na temat stanowiska naszego zwi\u0105zku i innych wiadomo\u015bci zwi\u0105zanych z LiUNA.<\/p>\n","protected":false},"author":1,"featured_media":0,"parent":0,"menu_order":0,"comment_status":"closed","ping_status":"closed","template":"","meta":{"_et_pb_use_builder":"on","_et_pb_old_content":"","_et_gb_content_width":"","footnotes":""},"class_list":["post-3215","page","type-page","status-publish","hentry"],"_links":{"self":[{"href":"https:\/\/laborers68.com\/pl\/wp-json\/wp\/v2\/pages\/3215","targetHints":{"allow":["GET"]}}],"collection":[{"href":"https:\/\/laborers68.com\/pl\/wp-json\/wp\/v2\/pages"}],"about":[{"href":"https:\/\/laborers68.com\/pl\/wp-json\/wp\/v2\/types\/page"}],"author":[{"embeddable":true,"href":"https:\/\/laborers68.com\/pl\/wp-json\/wp\/v2\/users\/1"}],"replies":[{"embeddable":true,"href":"https:\/\/laborers68.com\/pl\/wp-json\/wp\/v2\/comments?post=3215"}],"version-history":[{"count":2,"href":"https:\/\/laborers68.com\/pl\/wp-json\/wp\/v2\/pages\/3215\/revisions"}],"predecessor-version":[{"id":3217,"href":"https:\/\/laborers68.com\/pl\/wp-json\/wp\/v2\/pages\/3215\/revisions\/3217"}],"wp:attachment":[{"href":"https:\/\/laborers68.com\/pl\/wp-json\/wp\/v2\/media?parent=3215"}],"curies":[{"name":"wp","href":"https:\/\/api.w.org\/{rel}","templated":true}]}}